{"id":252,"date":"2019-12-17T13:57:06","date_gmt":"2019-12-17T13:57:06","guid":{"rendered":"https:\/\/associacioreach.org\/?page_id=252"},"modified":"2020-03-10T12:36:30","modified_gmt":"2020-03-10T12:36:30","slug":"materials-abus-sexual-infantil","status":"publish","type":"page","link":"https:\/\/associacioreach.org\/ca\/materials-abus-sexual-infantil\/","title":{"rendered":"MATERIALS"},"content":{"rendered":"<p>[vc_row full_width=&#8221;stretch_row&#8221; full_height=&#8221;yes&#8221; content_placement=&#8221;top&#8221; parallax=&#8221;content-moving-fade&#8221; parallax_image=&#8221;196&#8243; parallax_speed_bg=&#8221;1&#8243;][vc_column css_animation=&#8221;left-to-right&#8221; css=&#8221;.vc_custom_1575633000367{margin: 32px !important;padding: 32px !important;border: 32px initial !important;}&#8221;][vc_empty_space height=&#8221;250px&#8221;][vc_row_inner][vc_column_inner width=&#8221;1\/2&#8243;][vc_column_text]<\/p>\n<h1 style=\"text-align: left;\"><strong><span style=\"color: #000000;\">MATERIALS SOBRE L&#8217;AB\u00daS SEXUAL INFANTIL<\/span><\/strong><\/h1>\n<p>[\/vc_column_text][vc_separator color=&#8221;custom&#8221; border_width=&#8221;4&#8243; css_animation=&#8221;right-to-left&#8221; css=&#8221;.vc_custom_1575633038935{margin-top: 3px !important;margin-right: 3px !important;margin-bottom: 3px !important;margin-left: 3px !important;padding-top: 3px !important;padding-right: 3px !important;padding-bottom: 3px !important;padding-left: 3px !important;}&#8221; accent_color=&#8221;#fecd08&#8243;][\/vc_column_inner][vc_column_inner width=&#8221;1\/2&#8243;][\/vc_column_inner][\/vc_row_inner][\/vc_column][\/vc_row][vc_row css=&#8221;.vc_custom_1576578684782{margin-top: 0px !important;margin-right: 0px !important;margin-bottom: 0px !important;margin-left: 0px !important;padding-top: 0px !important;padding-right: 0px !important;padding-bottom: 0px !important;padding-left: 0px !important;}&#8221;][vc_column][vc_empty_space height=&#8221;15px&#8221;][vc_row_inner][vc_column_inner width=&#8221;3\/4&#8243;]<div class=\"story_box \"><div class=\"desc_wrapper\"><h3 class=\"themecolor\">\nQu\u00e8 \u00e9s l'Ab\u00fas Sexual Infantil?\n<\/h3><hr class=\"hr_color\"><\/div><div class=\"desc\">Qualsevol conducta de naturalesa sexual en la que hi ha un proc\u00e9s de manipulaci\u00f3 i coerci\u00f3. Es dona una relaci\u00f3 d\u2019asimetria d\u2019edat, de poder i de falta de consentiment, ja sigui per q\u00fcesti\u00f3 de maduresa emocional, d\u2019edat i\/o de capacitat cognitiva, en la que la persona abusadora busca la seva pr\u00f2pia gratificaci\u00f3.<\/div><\/div>\n[\/vc_column_inner][vc_column_inner width=&#8221;1\/4&#8243;][\/vc_column_inner][\/vc_row_inner][vc_row_inner][vc_column_inner width=&#8221;3\/4&#8243;]<div class=\"story_box \"><div class=\"desc_wrapper\"><h3 class=\"themecolor\">\nMaterials sobre l'Ab\u00fas Sexual Infantil\n<\/h3><hr class=\"hr_color\"><\/div><div class=\"desc\">Treballem des d&#8217;una perspectiva multidisciplin\u00e0ria i creativa que ens permet continuar assumint reptes per tal de desenvolupar materials adaptats al context actual tenint en compte la forma m\u00e9s propera d&#8217;arribar a tu. <\/div><\/div>\n[\/vc_column_inner][vc_column_inner width=&#8221;1\/4&#8243;][\/vc_column_inner][\/vc_row_inner][vc_row_inner][vc_column_inner width=&#8221;1\/4&#8243;][vc_single_image image=&#8221;367&#8243; img_size=&#8221;full&#8221; alignment=&#8221;center&#8221; onclick=&#8221;custom_link&#8221; img_link_target=&#8221;_blank&#8221; link=&#8221;https:\/\/associacioreach.org\/wp-content\/uploads\/2020\/02\/Associacio-Reach-Dossier-presentaci\u00f3-v2-1.pdf&#8221;][\/vc_column_inner][vc_column_inner width=&#8221;1\/4&#8243;][vc_single_image image=&#8221;383&#8243; img_size=&#8221;full&#8221; alignment=&#8221;center&#8221; onclick=&#8221;custom_link&#8221; img_link_target=&#8221;_blank&#8221; link=&#8221;https:\/\/associacioreach.org\/wp-content\/uploads\/2020\/03\/Associacio-Reach-Diptic-genericv2-1.pdf&#8221;][\/vc_column_inner][vc_column_inner width=&#8221;1\/4&#8243;][\/vc_column_inner][vc_column_inner width=&#8221;1\/4&#8243;][\/vc_column_inner][\/vc_row_inner][vc_row_inner][vc_column_inner width=&#8221;1\/2&#8243;][vc_video link=&#8221;https:\/\/www.youtube.com\/watch?v=kS8VrSKkxak&amp;ab_channel=ReachAssociaci%C3%B3&#8243; align=&#8221;center&#8221;][vc_btn title=&#8221;Anar a la videoteca&#8221; style=&#8221;outline-custom&#8221; outline_custom_color=&#8221;#000000&#8243; outline_custom_hover_background=&#8221;#fecd08&#8243; outline_custom_hover_text=&#8221;#ffffff&#8221; shape=&#8221;round&#8221; size=&#8221;sm&#8221; align=&#8221;left&#8221; i_icon_fontawesome=&#8221;fa fa-youtube&#8221; add_icon=&#8221;true&#8221; link=&#8221;url:https%3A%2F%2Fwww.youtube.com%2Fchannel%2FUCXaJyz-B3Z5OdlqE2TqlTpA||target:%20_blank|&#8221;][\/vc_column_inner][vc_column_inner width=&#8221;1\/2&#8243;][vc_video link=&#8221;https:\/\/www.youtube.com\/watch?v=DFv_TJQnJc0&amp;t=2s&amp;ab_channel=ReachAssociaci%C3%B3&#8243; align=&#8221;center&#8221;][\/vc_column_inner][\/vc_row_inner][vc_empty_space height=&#8221;20px&#8221;][vc_row_inner][vc_column_inner width=&#8221;3\/4&#8243;]<div class=\"story_box \"><div class=\"desc_wrapper\"><h3 class=\"themecolor\">\nBiblioteca de Recursos\n<\/h3><hr class=\"hr_color\"><\/div><div class=\"desc\">Aquests, tant sols s\u00f3n alguns exemples de contes que tracten sobre aquesta tem\u00e0tica.<br \/>\nDes de Reach us animem a demanar a les escoles i biblioteques municipals que incloguin aquests llibres com a recursos did\u00e0ctics tant per als infants com per a pares i mares i professionals.<\/div><\/div>\n[\/vc_column_inner][vc_column_inner width=&#8221;1\/4&#8243;][\/vc_column_inner][\/vc_row_inner][vc_tta_tabs color=&#8221;white&#8221; active_section=&#8221;1&#8243;][vc_tta_section title=&#8221;Per als m\u00e9s menuts&#8221; tab_id=&#8221;1576592375795-366372db-cacf&#8221;][vc_column_text]<\/p>\n<ul>\n<li><em>La regla de Kiko<\/em>. Consell d\u00b4Europa<\/li>\n<\/ul>\n<p>[\/vc_column_text][\/vc_tta_section][vc_tta_section title=&#8221;A partir de 3 anys&#8221; tab_id=&#8221;1576592375884-ec8d41e2-ffd5&#8243;][vc_column_text]<\/p>\n<ul>\n<li><em>L&#8217;ombra de la Clara<\/em>. Elisenda Pascual Mart\u00ed, Editorial Uranito<\/li>\n<li><em>El meu cos \u00e9s meu<\/em> (+5 anys). Profamilia, Editorial Juventud<\/li>\n<li><em>Les cortines d\u00b4aire<\/em> (4-9anys). Fundaci\u00f3 Vicki Bernadet<\/li>\n<li><em>El lle\u00f3 Llumin\u00f3s<\/em> (3-12 anys). Cristina Portal Ruiz, Editorial Unai Frias Portal<\/li>\n<\/ul>\n<p>[\/vc_column_text][\/vc_tta_section][vc_tta_section title=&#8221;A partir de 6 anys&#8221; tab_id=&#8221;1576592631882-f6743249-1dcc&#8221;][vc_column_text]<\/p>\n<ul>\n<li><em>La Marta diu no<\/em> (6-8 anys). Cornelia Franz, Editorial Takatuka<\/li>\n<li><em>Crida ben fort, Estela<\/em> (7-9 anys). Bel Olid, Editorial Fineo<\/li>\n<\/ul>\n<p>[\/vc_column_text][\/vc_tta_section][vc_tta_section title=&#8221;A partir de 14 anys&#8221; tab_id=&#8221;1576592718527-22ad1943-a760&#8243;][vc_column_text]<\/p>\n<ul>\n<li><em>Paraules emmetzinades<\/em>. Maite Carranza, Editorial Edeb\u00e9.<\/li>\n<\/ul>\n<p>[\/vc_column_text][\/vc_tta_section][\/vc_tta_tabs][vc_empty_space][\/vc_column][\/vc_row][vc_row full_width=&#8221;stretch_row&#8221; content_placement=&#8221;middle&#8221; css=&#8221;.vc_custom_1576233571245{background-color: #fecd08 !important;}&#8221;][vc_column][vc_row_inner][vc_column_inner width=&#8221;1\/4&#8243;][\/vc_column_inner][vc_column_inner width=&#8221;1\/2&#8243;][vc_column_text css=&#8221;.vc_custom_1576662555003{margin: 0px !important;padding: 3px !important;}&#8221;]<\/p>\n<h3 style=\"text-align: center;\"><span style=\"color: #000000;\">Contacta amb nosaltres<\/span><\/h3>\n<p>[\/vc_column_text][vc_separator color=&#8221;black&#8221; border_width=&#8221;2&#8243; css_animation=&#8221;fadeInLeft&#8221;][\/vc_column_inner][vc_column_inner width=&#8221;1\/4&#8243;][\/vc_column_inner][\/vc_row_inner][vc_row_inner][vc_column_inner width=&#8221;1\/6&#8243;][\/vc_column_inner][vc_column_inner width=&#8221;3\/6&#8243;]\n<div class=\"wpcf7 no-js\" id=\"wpcf7-f142-o1\" lang=\"ca\" dir=\"ltr\" data-wpcf7-id=\"142\">\n<div class=\"screen-reader-response\"><p role=\"status\" aria-live=\"polite\" aria-atomic=\"true\"><\/p> <ul><\/ul><\/div>\n<form action=\"\/ca\/wp-json\/wp\/v2\/pages\/252#wpcf7-f142-o1\" method=\"post\" class=\"wpcf7-form init\" aria-label=\"Formulari de contacte\" novalidate=\"novalidate\" data-status=\"init\">\n<fieldset class=\"hidden-fields-container\"><input type=\"hidden\" name=\"_wpcf7\" value=\"142\" \/><input type=\"hidden\" name=\"_wpcf7_version\" value=\"6.1.5\" \/><input type=\"hidden\" name=\"_wpcf7_locale\" value=\"ca\" \/><input type=\"hidden\" name=\"_wpcf7_unit_tag\" value=\"wpcf7-f142-o1\" \/><input type=\"hidden\" name=\"_wpcf7_container_post\" value=\"0\" \/><input type=\"hidden\" name=\"_wpcf7_posted_data_hash\" value=\"\" \/>\n<\/fieldset>\n<p><span style=\"color: #000000;\"><label> El teu nom* <span class=\"wpcf7-form-control-wrap\" data-name=\"your-name\"><input size=\"40\" maxlength=\"400\" class=\"wpcf7-form-control wpcf7-text wpcf7-validates-as-required\" aria-required=\"true\" aria-invalid=\"false\" value=\"\" type=\"text\" name=\"your-name\" \/><\/span> <\/label> <label> Adre\u00e7a de correu electr\u00f2nic* <span class=\"wpcf7-form-control-wrap\" data-name=\"your-email\"><input size=\"40\" maxlength=\"400\" class=\"wpcf7-form-control wpcf7-email wpcf7-validates-as-required wpcf7-text wpcf7-validates-as-email\" aria-required=\"true\" aria-invalid=\"false\" value=\"\" type=\"email\" name=\"your-email\" \/><\/span> <\/label> <label> Assumpte <span class=\"wpcf7-form-control-wrap\" data-name=\"your-subject\"><input size=\"40\" maxlength=\"400\" class=\"wpcf7-form-control wpcf7-text\" aria-invalid=\"false\" value=\"\" type=\"text\" name=\"your-subject\" \/><\/span> <\/label> <label>Missatge<span class=\"wpcf7-form-control-wrap\" data-name=\"your-message\"><textarea cols=\"40\" rows=\"10\" maxlength=\"2000\" class=\"wpcf7-form-control wpcf7-textarea\" aria-invalid=\"false\" name=\"your-message\"><\/textarea><\/span> <\/label><br \/>\n<\/span>\n<\/p>\n<div>\n\t<lavel>\n\t\t<p><span class=\"wpcf7-form-control-wrap\" data-name=\"acceptance-552\"><span class=\"wpcf7-form-control wpcf7-acceptance\"><span class=\"wpcf7-list-item\"><label><input type=\"checkbox\" name=\"acceptance-552\" value=\"1\" aria-invalid=\"false\" \/><span class=\"wpcf7-list-item-label\"><span style=\"color: #000000;\">He llegit i accepto la<strong><em><u><span style=\"color: #000000;\"><a style=\"color: #000000;\" href=\"https:\/\/associacioreach.org\/avis-legal-i-politica-de-privacitat\/\">pol\u00edtica de privacitat<\/a><\/span>.<\/u><\/em><\/strong><\/span><\/label><\/span><\/span><\/span>\n\t\t<\/p>\n\t<\/lavel>\n<\/div>\n<div>\n\t<lavel>\n\t\t<p><span class=\"wpcf7-form-control-wrap\" data-name=\"acceptance-170\"><span class=\"wpcf7-form-control wpcf7-acceptance optional\"><span class=\"wpcf7-list-item\"><label><input type=\"checkbox\" name=\"acceptance-170\" value=\"1\" aria-invalid=\"false\" \/><span class=\"wpcf7-list-item-label\"><span style=\"color: #000000;\">Autoritzo l&#39;enviament d&#39;informaci\u00f3 comercial i del butllet\u00ed de not\u00edcies.<\/span><\/label><\/span><\/span><\/span>\n\t\t<\/p>\n\t<\/lavel>\n<\/div>\n<div>\n\t<lavel>\n\t\t<p><span style=\"color: #000000;\"><strong>INFORMACI\u00d3 B\u00c0SICA SOBRE PROTECCI\u00d3 DE DADES<\/strong><\/span>\n\t\t<\/p>\n\t\t<ul>\n\t\t\t<li>\n\t\t\t\t<p><span style=\"color: #000000;\"><strong>Responsable del tractament:<\/strong> ASSOCIACI\u00d3 REACH PER A LA PREVENCI\u00d3 DE L'AB\u00daS<\/span>\n\t\t\t\t<\/p>\n\t\t\t<\/li>\n\t\t\t<li>\n\t\t\t\t<p><span style=\"color: #000000;\"><strong>Finalitat del tractament:<\/strong> Mantenir una relaci\u00f3 amb l'Usuari i, si ens autoritza, l'enviament de newsletters, comunicacions comercials i promocions.<\/span>\n\t\t\t\t<\/p>\n\t\t\t<\/li>\n\t\t\t<li>\n\t\t\t\t<p><span style=\"color: #000000;\"><strong>Legitimaci\u00f3 del tractament:<\/strong> Inter\u00e8s leg\u00edtim i consentiment de l'interessat\/da.<\/span>\n\t\t\t\t<\/p>\n\t\t\t<\/li>\n\t\t\t<li>\n\t\t\t\t<p><span style=\"color: #000000;\"><strong>Conservaci\u00f3 de les dades:<\/strong> Es conservaran durant el temps que hi hagi un inter\u00e8s mutu o durant el temps que sigui necessari per al compliment d'obligacions legals.<\/span>\n\t\t\t\t<\/p>\n\t\t\t<\/li>\n\t\t\t<li>\n\t\t\t\t<p><span style=\"color: #000000;\"><strong>Destinataris:<\/strong> Prestadors de serveis o col\u00b7laboradors. <\/span>\n\t\t\t\t<\/p>\n\t\t\t<\/li>\n\t\t\t<li>\n\t\t\t\t<p><span style=\"color: #000000;\"><strong>Drets<\/strong>: Dret a retirar el consentiment en qualsevol moment. Dret d'acc\u00e9s, rectificaci\u00f3, portabilitat i supressi\u00f3 de les seves dades i de la limitaci\u00f3 o oposici\u00f3 al seu tractament. Dades de contacte per exercir els teus drets: associacioreach@gmail.com<\/span>\n\t\t\t\t<\/p>\n\t\t\t<\/li>\n\t\t\t<li>\n\t\t\t\t<p><span style=\"color: #000000;\">I<strong>nformaci\u00f3 addicional:<\/strong> Podeu trobar m\u00e9s informaci\u00f3 a la nostra <a style=\"color: #000000;\" href=\"https:\/\/associacioreach.org\/aviso-legal-y-politica-de-privacidad\/\" target=\"_blank\" rel=\"noopener\">Pol\u00edtica de Privacitat.<\/a><\/span>\n\t\t\t\t<\/p>\n\t\t\t<\/li>\n\t\t<\/ul>\n\t<\/lavel>\n<\/div>\n<p><BUTTON><input class=\"wpcf7-form-control wpcf7-submit has-spinner\" type=\"submit\" value=\"ENVIAR MISSATGE\" \/><\/button>\n<\/p><div class=\"wpcf7-response-output\" aria-hidden=\"true\"><\/div>\n<\/form>\n<\/div>\n[\/vc_column_inner][vc_column_inner width=&#8221;1\/6&#8243;][vc_empty_space height=&#8221;1px&#8221;][vc_btn title=&#8221;Instagram&#8221; style=&#8221;outline-custom&#8221; outline_custom_color=&#8221;#000000&#8243; outline_custom_hover_background=&#8221;#fecd08&#8243; outline_custom_hover_text=&#8221;#ffffff&#8221; shape=&#8221;round&#8221; size=&#8221;sm&#8221; align=&#8221;center&#8221; i_icon_fontawesome=&#8221;fa fa-instagram&#8221; button_block=&#8221;true&#8221; add_icon=&#8221;true&#8221; link=&#8221;url:https%3A%2F%2Fwww.instagram.com%2Fassociacioreach%2F||target:%20_blank|&#8221;][vc_btn title=&#8221;YouTube&#8221; style=&#8221;outline-custom&#8221; outline_custom_color=&#8221;#000000&#8243; outline_custom_hover_background=&#8221;#fecd08&#8243; outline_custom_hover_text=&#8221;#ffffff&#8221; shape=&#8221;round&#8221; size=&#8221;sm&#8221; align=&#8221;center&#8221; i_icon_fontawesome=&#8221;fa fa-youtube&#8221; button_block=&#8221;true&#8221; add_icon=&#8221;true&#8221; link=&#8221;url:https%3A%2F%2Fwww.youtube.com%2Fchannel%2FUCXaJyz-B3Z5OdlqE2TqlTpA||target:%20_blank|&#8221;][vc_btn title=&#8221;Facebook&#8221; style=&#8221;outline-custom&#8221; outline_custom_color=&#8221;#000000&#8243; outline_custom_hover_background=&#8221;#fecd08&#8243; outline_custom_hover_text=&#8221;#ffffff&#8221; shape=&#8221;round&#8221; size=&#8221;sm&#8221; align=&#8221;center&#8221; i_icon_fontawesome=&#8221;fa fa-facebook&#8221; button_block=&#8221;true&#8221; add_icon=&#8221;true&#8221; link=&#8221;url:https%3A%2F%2Fwww.facebook.com%2FAsociaci%25C3%25B3n-Reach-NGO-152628231734983%2F%3Fepa%3DSEARCH_BOX||target:%20_blank|&#8221;][vc_btn title=&#8221;Ripoll i Girona&#8221; style=&#8221;outline-custom&#8221; outline_custom_color=&#8221;#000000&#8243; outline_custom_hover_background=&#8221;#fecd08&#8243; outline_custom_hover_text=&#8221;#ffffff&#8221; shape=&#8221;round&#8221; size=&#8221;sm&#8221; align=&#8221;center&#8221; i_icon_fontawesome=&#8221;fa fa-map-marker&#8221; button_block=&#8221;true&#8221; add_icon=&#8221;true&#8221; link=&#8221;|||&#8221;][\/vc_column_inner][vc_column_inner width=&#8221;1\/6&#8243;][\/vc_column_inner][\/vc_row_inner][vc_row_inner][vc_column_inner width=&#8221;1\/4&#8243;][\/vc_column_inner][vc_column_inner width=&#8221;1\/2&#8243;][vc_separator color=&#8221;custom&#8221; border_width=&#8221;2&#8243; css_animation=&#8221;bounceInUp&#8221; accent_color=&#8221;#000000&#8243;][vc_column_text]<\/p>\n<h3 style=\"text-align: center;\"><strong><span style=\"color: #000000;\">Si detectes o est\u00e0s patint ab\u00fas sexual infantil<\/span><\/strong><\/h3>\n<h3 style=\"text-align: center;\"><strong><span style=\"color: #000000;\">#INF\u00c0NCIARESPON<\/span><\/strong><\/h3>\n<h3 style=\"text-align: center;\"><strong><span style=\"color: #000000;\">116 111<\/span><\/strong><\/h3>\n<p>[\/vc_column_text][vc_btn title=&#8221;Tens dubtes i t\u2019agradaria parlar amb un professional?&#8221; style=&#8221;outline-custom&#8221; outline_custom_color=&#8221;#000000&#8243; outline_custom_hover_background=&#8221;#fecd08&#8243; outline_custom_hover_text=&#8221;#ffffff&#8221; shape=&#8221;round&#8221; size=&#8221;lg&#8221; align=&#8221;center&#8221; i_icon_fontawesome=&#8221;fa fa-comments-o&#8221; button_block=&#8221;true&#8221; add_icon=&#8221;true&#8221; link=&#8221;url:https%3A%2F%2Fassociacioreach.org%2Fdemana-ajuda%2F|title:DEMANA%20AJUDA||&#8221;][vc_separator color=&#8221;custom&#8221; border_width=&#8221;2&#8243; css_animation=&#8221;bounceInDown&#8221; accent_color=&#8221;#000000&#8243;][\/vc_column_inner][vc_column_inner width=&#8221;1\/4&#8243;][\/vc_column_inner][\/vc_row_inner][\/vc_column][\/vc_row]<\/p>\n","protected":false},"excerpt":{"rendered":"<p>[vc_row full_width=&#8221;stretch_row&#8221; full_height=&#8221;yes&#8221; content_placement=&#8221;top&#8221; parallax=&#8221;content-moving-fade&#8221; parallax_image=&#8221;196&#8243; parallax_speed_bg=&#8221;1&#8243;][vc_column css_animation=&#8221;left-to-right&#8221; css=&#8221;.vc_custom_1575633000367{margin: 32px !important;padding: 32px !important;border: 32px initial !important;}&#8221;][vc_empty_space height=&#8221;250px&#8221;][vc_row_inner][vc_column_inner width=&#8221;1\/2&#8243;][vc_column_text] MATERIALS SOBRE L&#8217;AB\u00daS SEXUAL INFANTIL [\/vc_column_text][vc_separator color=&#8221;custom&#8221; border_width=&#8221;4&#8243;<span class=\"excerpt-hellip\"> [\u2026]<\/span><\/p>\n","protected":false},"author":1,"featured_media":0,"parent":0,"menu_order":0,"comment_status":"closed","ping_status":"closed","template":"","meta":{"footnotes":""},"class_list":["post-252","page","type-page","status-publish","hentry"],"_links":{"self":[{"href":"https:\/\/associacioreach.org\/ca\/wp-json\/wp\/v2\/pages\/252","targetHints":{"allow":["GET"]}}],"collection":[{"href":"https:\/\/associacioreach.org\/ca\/wp-json\/wp\/v2\/pages"}],"about":[{"href":"https:\/\/associacioreach.org\/ca\/wp-json\/wp\/v2\/types\/page"}],"author":[{"embeddable":true,"href":"https:\/\/associacioreach.org\/ca\/wp-json\/wp\/v2\/users\/1"}],"replies":[{"embeddable":true,"href":"https:\/\/associacioreach.org\/ca\/wp-json\/wp\/v2\/comments?post=252"}],"version-history":[{"count":29,"href":"https:\/\/associacioreach.org\/ca\/wp-json\/wp\/v2\/pages\/252\/revisions"}],"predecessor-version":[{"id":386,"href":"https:\/\/associacioreach.org\/ca\/wp-json\/wp\/v2\/pages\/252\/revisions\/386"}],"wp:attachment":[{"href":"https:\/\/associacioreach.org\/ca\/wp-json\/wp\/v2\/media?parent=252"}],"curies":[{"name":"wp","href":"https:\/\/api.w.org\/{rel}","templated":true}]}}