{"id":464,"date":"2020-05-18T13:08:13","date_gmt":"2020-05-18T13:08:13","guid":{"rendered":"https:\/\/associacioreach.org\/?page_id=464"},"modified":"2020-05-18T13:08:13","modified_gmt":"2020-05-18T13:08:13","slug":"politica-de-cookies","status":"publish","type":"page","link":"https:\/\/associacioreach.org\/ca\/politica-de-cookies\/","title":{"rendered":"Pol\u00edtica de cookies"},"content":{"rendered":"<p>[vc_row full_width=&#8221;stretch_row_content_no_spaces&#8221; content_placement=&#8221;middle&#8221; parallax=&#8221;content-moving-fade&#8221; parallax_image=&#8221;47&#8243;][vc_column][vc_empty_space][vc_row_inner][vc_column_inner width=&#8221;1\/2&#8243; css=&#8221;.vc_custom_1576151689267{margin-top: 30px !important;margin-right: 30px !important;margin-bottom: 30px !important;margin-left: 30px !important;padding-top: 20px !important;padding-right: 20px !important;padding-bottom: 20px !important;padding-left: 20px !important;}&#8221;][vc_column_text]<\/p>\n<h1>POL\u00cdTICA DE COOKIES<\/h1>\n<p>[\/vc_column_text][vc_separator color=&#8221;custom&#8221; border_width=&#8221;4&#8243; css_animation=&#8221;right-to-left&#8221; accent_color=&#8221;#fecd08&#8243;][\/vc_column_inner][vc_column_inner width=&#8221;1\/2&#8243;][\/vc_column_inner][\/vc_row_inner][\/vc_column][\/vc_row][vc_row][vc_column][vc_column_text]<\/p>\n<h2>Qu\u00e8 s\u00f3n les cookies?<\/h2>\n<p>Aquest lloc web utilitza cookies i\/o tecnologies similars que emmagatzemen i recuperen informaci\u00f3 quan navegues. En general, aquestes tecnologies es poden utilitzar per a finalitats molt diverses, com, per exemple, recon\u00e8ixer-te com a usuari, obtenir informaci\u00f3 sobre els teus h\u00e0bits de navegaci\u00f3, o personalitzar la forma en qu\u00e8 es mostra el contingut. Els usos concrets que fem d&#8217;aquestes tecnologies es descriuen a continuaci\u00f3.<\/p>\n<p>&nbsp;<\/p>\n<h2>Per a qu\u00e8 utilitza les cookies aquesta p\u00e0gina web?<\/h2>\n<p>Aquesta p\u00e0gina web utilitza les cookies per a una s\u00e8rie de finalitats, incloses:<\/p>\n<ul>\n<li><strong>An\u00e0lisi<\/strong>: s\u00f3n aquelles que, tractades per nosaltres o per tercers, ens permeten quantificar el nombre d&#8217;usuaris i aix\u00ed realitzar el mesurament i an\u00e0lisi estad\u00edstica de la utilitzaci\u00f3 que fan els usuaris del servei ofert. Per a aix\u00f2 s&#8217;analitza la seva navegaci\u00f3 en la nostra p\u00e0gina web amb la finalitat de millorar l&#8217;oferta de productes o serveis que li oferim.<\/li>\n<\/ul>\n<p>&nbsp;<\/p>\n<ul>\n<li><strong>Publicit\u00e0ries<\/strong>: s\u00f3n aquelles que, tractades per nosaltres o per tercers, ens permeten analitzar els seus h\u00e0bits de navegaci\u00f3 en Internet perqu\u00e8 puguem mostrar-li publicitat relacionada amb el seu perfil de navegaci\u00f3.<\/li>\n<\/ul>\n<p>&nbsp;<\/p>\n<h2>Qui utilitza les cookies en aquesta\u00a0p\u00e0gina\u00a0web?<\/h2>\n<p>La identificaci\u00f3 de qui utilitza les cookies, el tipus de cookies utilitzades i altres detalls, s&#8217;indica a continuaci\u00f3:<\/p>\n<p>&nbsp;<\/p>\n<table>\n<tbody>\n<tr>\n<td colspan=\"3\" width=\"566\"><strong>Cookies pr\u00f2pies<\/strong><\/td>\n<\/tr>\n<tr>\n<td width=\"230\"><strong>Cookies<\/strong><\/td>\n<td width=\"223\"><strong>Prop\u00f2sit<\/strong><\/td>\n<td width=\"113\"><strong>Per\u00edode de conservaci\u00f3<\/strong><\/td>\n<\/tr>\n<tr>\n<td width=\"230\"><strong>cookie_notice_accepted<\/strong><\/p>\n<p>&nbsp;<\/td>\n<td width=\"223\">Aquesta\u00a0cookie\u00a0recorda si s&#8217;ha acceptat el missatge d&#8217;av\u00eds sobre cookies per a deixar de mostrar-lo durant el temps en qu\u00e8 estigui activa.<\/td>\n<td width=\"113\">&nbsp;<\/p>\n<p>&nbsp;<\/td>\n<\/tr>\n<\/tbody>\n<\/table>\n<p>&nbsp;<\/p>\n<table>\n<tbody>\n<tr>\n<td colspan=\"4\" width=\"566\"><strong>Cookies de terceres<\/strong><\/td>\n<\/tr>\n<tr>\n<td width=\"100\"><strong>Cookies<\/strong><\/td>\n<td width=\"118\"><strong>Entitat que utilitza las cookies<\/strong><\/td>\n<td width=\"230\"><strong>Prop\u00f2sit<\/strong><\/td>\n<td width=\"118\"><strong>M\u00e9s informaci\u00f3<\/strong><\/td>\n<\/tr>\n<tr>\n<td width=\"100\"><strong>1P_JAR<\/strong><\/td>\n<td width=\"118\">Google Analytics<\/td>\n<td width=\"230\">Cookie\u00a0que transfereix dades a Google per a fer la publicitat m\u00e9s atractiva.<\/td>\n<td rowspan=\"2\" width=\"118\"><a href=\"https:\/\/developers.google.com\/analytics\/devguides\/collection\/analyticsjs\/cookie-usage\">Google Analytics<\/a><\/p>\n<p><a href=\"http:\/\/www.google.com\/intl\/es\/privacy.html\">Centre de privacitat de Google<\/a><\/td>\n<\/tr>\n<tr>\n<td width=\"100\"><strong>CONSENT<\/strong><\/td>\n<td width=\"118\">Google Analytics<\/td>\n<td width=\"230\">Cookie\u00a0t\u00e8cnica per a controlar l&#8217;acceptaci\u00f3 de cookies.<\/td>\n<\/tr>\n<\/tbody>\n<\/table>\n<p>&nbsp;<\/p>\n<p>Nota: Les cookies de tipus \u201cPr\u00f2pies\u201d s\u00f3n utilitzades nom\u00e9s pel propietari d&#8217;aquesta web i les cookies \u201cDe tercers\u201d s\u00f3n utilitzades, tamb\u00e9, pel prestador del servei que est\u00e0 detallat la taula anterior.<\/p>\n<p>Pot informar-se de les transfer\u00e8ncies a tercers pa\u00efsos que, si escau, realitzen els tercers identificats en aquesta pol\u00edtica de cookies en les seves corresponents pol\u00edtiques (vegi els enlla\u00e7os facilitats en l&#8217;apartat \u201cM\u00e9s informaci\u00f3\u201d de la taula anterior).<\/p>\n<h2><\/h2>\n<h2>Com puc desactivar o eliminar aquestes cookies?<\/h2>\n<p>Pot vost\u00e8 permetre o bloquejar les cookies, aix\u00ed com esborrar les seves dades de navegaci\u00f3 (incloses les cookies) des del navegador que vost\u00e8 utilitza. Consulti les opcions i instruccions que ofereix el seu navegador per a aix\u00f2. Tingui en compte que si accepta les cookies de tercers, haur\u00e0 d&#8217;eliminar-les des de les opcions del navegador.<\/p>\n<p>&nbsp;<\/p>\n<p>A continuaci\u00f3 t\u00e9 disponibles els enlla\u00e7os amb la informaci\u00f3 per a gestionar les cookies dels navegadors m\u00e9s utilitzats:<\/p>\n<p>&nbsp;<\/p>\n<ul>\n<li><strong>Firefox<\/strong>:<\/li>\n<\/ul>\n<p><a href=\"http:\/\/support.mozilla.org\/es\/kb\/habilitar-y-deshabilitar-cookies-que-los-sitios-we\">http:\/\/support.mozilla.org\/es\/kb\/habilitar-y-deshabilitar-cookies-que-los-sitios-we<\/a><\/p>\n<ul>\n<li><strong>Chrome<\/strong>:<\/li>\n<\/ul>\n<p><a href=\"http:\/\/support.google.com\/chrome\/bin\/answer.py?hl=es&amp;answer=95647\">http:\/\/support.google.com\/chrome\/bin\/answer.py?hl=es&amp;answer=95647<\/a><\/p>\n<ul>\n<li><strong>Internet Explorer<\/strong>:<\/li>\n<\/ul>\n<p><a href=\"https:\/\/support.microsoft.com\/es-es\/help\/278835\/how-to-delete-cookie-files-in-internet-explorer\">https:\/\/support.microsoft.com\/es-es\/help\/278835\/how-to-delete-cookie-files-in-internet-explorer<\/a><\/p>\n<ul>\n<li><strong>Microsoft Edge:<\/strong><\/li>\n<\/ul>\n<p><a href=\"https:\/\/support.microsoft.com\/es-es\/help\/4468242\/microsoft-edge-browsing-data-and-privacy-microsoft-privacy\">https:\/\/support.microsoft.com\/es-es\/help\/4468242\/microsoft-edge-browsing-data-and-privacy-microsoft-privacy<\/a><\/p>\n<ul>\n<li><strong>Safari<\/strong>:<\/li>\n<\/ul>\n<p><a href=\"http:\/\/support.apple.com\/kb\/ph5042\">http:\/\/support.apple.com\/kb\/ph5042<\/a><\/p>\n<ul>\n<li><strong>Opera<\/strong>:<\/li>\n<\/ul>\n<p><a href=\"http:\/\/help.opera.com\/Windows\/11.50\/es-ES\/cookies.html\">http:\/\/help.opera.com\/Windows\/11.50\/es-ES\/cookies.html<\/a><\/p>\n<ul>\n<li><strong>Altres navegadors<\/strong>: consulti la documentaci\u00f3 del navegador que tingui instal\u00b7lat.<\/li>\n<\/ul>\n<h3><\/h3>\n<h3><strong>Complement d&#8217;inhabilitaci\u00f3 per a navegadors de Google Analytic<\/strong><\/h3>\n<p>Si desitja rebutjar les cookies anal\u00edtiques de Google Analytics en tots els navegadors, de manera que no s&#8217;envi\u00ef informaci\u00f3 seva a Google Analitys, pot descarregar un complement que realitza aquesta funci\u00f3 des d&#8217;aquest enlla\u00e7:<\/p>\n<p><a href=\"https:\/\/tools.google.com\/dlpage\/gaoptout\">https:\/\/tools.google.com\/dlpage\/gaoptout<\/a>.<\/p>\n<p>&nbsp;<\/p>\n<h2>Exercici de drets<\/h2>\n<p>Pot con\u00e8ixer i exercir els seus drets en mat\u00e8ria de protecci\u00f3 de dades accedint a la nostra <a href=\"https:\/\/associacioreach.org\/avis-legal-i-politica-de-privacitat\/\"><em>Pol\u00edtica de Privacitat<\/em><\/a>.[\/vc_column_text][\/vc_column][\/vc_row]<\/p>\n","protected":false},"excerpt":{"rendered":"<p>[vc_row full_width=&#8221;stretch_row_content_no_spaces&#8221; content_placement=&#8221;middle&#8221; parallax=&#8221;content-moving-fade&#8221; parallax_image=&#8221;47&#8243;][vc_column][vc_empty_space][vc_row_inner][vc_column_inner width=&#8221;1\/2&#8243; css=&#8221;.vc_custom_1576151689267{margin-top: 30px !important;margin-right: 30px !important;margin-bottom: 30px !important;margin-left: 30px !important;padding-top: 20px !important;padding-right: 20px !important;padding-bottom: 20px !important;padding-left: 20px !important;}&#8221;][vc_column_text] POL\u00cdTICA DE COOKIES<span class=\"excerpt-hellip\"> [\u2026]<\/span><\/p>\n","protected":false},"author":1,"featured_media":0,"parent":0,"menu_order":0,"comment_status":"closed","ping_status":"closed","template":"","meta":{"footnotes":""},"class_list":["post-464","page","type-page","status-publish","hentry"],"_links":{"self":[{"href":"https:\/\/associacioreach.org\/ca\/wp-json\/wp\/v2\/pages\/464","targetHints":{"allow":["GET"]}}],"collection":[{"href":"https:\/\/associacioreach.org\/ca\/wp-json\/wp\/v2\/pages"}],"about":[{"href":"https:\/\/associacioreach.org\/ca\/wp-json\/wp\/v2\/types\/page"}],"author":[{"embeddable":true,"href":"https:\/\/associacioreach.org\/ca\/wp-json\/wp\/v2\/users\/1"}],"replies":[{"embeddable":true,"href":"https:\/\/associacioreach.org\/ca\/wp-json\/wp\/v2\/comments?post=464"}],"version-history":[{"count":2,"href":"https:\/\/associacioreach.org\/ca\/wp-json\/wp\/v2\/pages\/464\/revisions"}],"predecessor-version":[{"id":466,"href":"https:\/\/associacioreach.org\/ca\/wp-json\/wp\/v2\/pages\/464\/revisions\/466"}],"wp:attachment":[{"href":"https:\/\/associacioreach.org\/ca\/wp-json\/wp\/v2\/media?parent=464"}],"curies":[{"name":"wp","href":"https:\/\/api.w.org\/{rel}","templated":true}]}}